{"id":11,"date":"2020-09-11T11:14:05","date_gmt":"2020-09-11T11:14:05","guid":{"rendered":"http:\/\/anpsthemes.com\/constructo\/?page_id=11"},"modified":"2026-01-20T21:58:02","modified_gmt":"2026-01-20T14:58:02","slug":"gioi-thieu","status":"publish","type":"page","link":"https:\/\/khoxuongdep.com.vn\/v2\/gioi-thieu\/","title":{"rendered":"GI\u1edaI THI\u1ec6U"},"content":{"rendered":"<div class=\"slider-wrapper relative\" id=\"slider-1411997978\" >\n    <div class=\"slider slider-nav-circle slider-nav-large slider-nav-light slider-style-normal\"\n        data-flickity-options='{\n            \"cellAlign\": \"center\",\n            \"imagesLoaded\": true,\n            \"lazyLoad\": 1,\n            \"freeScroll\": false,\n            \"wrapAround\": true,\n            \"autoPlay\": 3000,\n            \"pauseAutoPlayOnHover\" : true,\n            \"prevNextButtons\": true,\n            \"contain\" : true,\n            \"adaptiveHeight\" : true,\n            \"dragThreshold\" : 10,\n            \"percentPosition\": true,\n            \"pageDots\": true,\n            \"rightToLeft\": false,\n            \"draggable\": true,\n            \"selectedAttraction\": 0.1,\n            \"parallax\" : 0,\n            \"friction\": 0.6        }'\n        >\n        \n\n\t<div class=\"img has-hover x md-x lg-x y md-y lg-y\" id=\"image_1296621581\">\n\t\t\t\t\t\t\t\t<div class=\"img-inner dark\" >\n\t\t\t<img loading=\"lazy\" decoding=\"async\" width=\"1020\" height=\"370\" src=\"https:\/\/khoxuongdep.com.vn\/v2\/wp-content\/uploads\/2023\/11\/nha-xuong-dep.jpg\" class=\"attachment-large size-large\" alt=\"kho x\u01b0\u1edfng \u0111\u1eb9p\" srcset=\"https:\/\/khoxuongdep.com.vn\/v2\/wp-content\/uploads\/2023\/11\/nha-xuong-dep.jpg 1180w, https:\/\/khoxuongdep.com.vn\/v2\/wp-content\/uploads\/2023\/11\/nha-xuong-dep-800x290.jpg 800w, https:\/\/khoxuongdep.com.vn\/v2\/wp-content\/uploads\/2023\/11\/nha-xuong-dep-768x279.jpg 768w\" sizes=\"auto, (max-width: 1020px) 100vw, 1020px\" \/>\t\t\t\t\t\t\n\t\t\t\t\t<\/div>\n\t\t\t\t\t\t\t\t\n<style>\n#image_1296621581 {\n  width: 100%;\n}\n<\/style>\n\t<\/div>\n\t\n\n\t<div class=\"img has-hover x md-x lg-x y md-y lg-y\" id=\"image_659471224\">\n\t\t\t\t\t\t\t\t<div class=\"img-inner dark\" >\n\t\t\t<img loading=\"lazy\" decoding=\"async\" width=\"1020\" height=\"350\" src=\"https:\/\/khoxuongdep.com.vn\/v2\/wp-content\/uploads\/2023\/04\/kho-xuong-dep-cho-thue-1.jpg\" class=\"attachment-large size-large\" alt=\"Li\u00ean h\u1ec7 ban qu\u1ea3n l\u00fd khu c\u00f4ng nghi\u1ec7p Thu\u1eadn \u0110\u1ea1o (Ban qu\u1ea3n l\u00fd kcn Thu\u1eadn \u0110\u1ea1o) huy\u1ec7n B\u1ebfn L\u1ee9c, t\u1ec9nh Long An, \u0111\u1ec3 thu\u00ea mua \u0111\u1ea5t ho\u1eb7c kho x\u01b0\u1edfng\" srcset=\"https:\/\/khoxuongdep.com.vn\/v2\/wp-content\/uploads\/2023\/04\/kho-xuong-dep-cho-thue-1.jpg 1200w, https:\/\/khoxuongdep.com.vn\/v2\/wp-content\/uploads\/2023\/04\/kho-xuong-dep-cho-thue-1-800x275.jpg 800w, https:\/\/khoxuongdep.com.vn\/v2\/wp-content\/uploads\/2023\/04\/kho-xuong-dep-cho-thue-1-768x264.jpg 768w\" sizes=\"auto, (max-width: 1020px) 100vw, 1020px\" \/>\t\t\t\t\t\t\n\t\t\t\t\t<\/div>\n\t\t\t\t\t\t\t\t\n<style>\n#image_659471224 {\n  width: 100%;\n}\n<\/style>\n\t<\/div>\n\t\n\n\t<div class=\"img has-hover x md-x lg-x y md-y lg-y\" id=\"image_1694116500\">\n\t\t\t\t\t\t\t\t<div class=\"img-inner dark\" >\n\t\t\t<img loading=\"lazy\" decoding=\"async\" width=\"1020\" height=\"359\" src=\"https:\/\/khoxuongdep.com.vn\/v2\/wp-content\/uploads\/2020\/11\/Banner-nha-xuong-dep-3.jpg\" class=\"attachment-large size-large\" alt=\"Banner-nha-xuong-dep-3\" srcset=\"https:\/\/khoxuongdep.com.vn\/v2\/wp-content\/uploads\/2020\/11\/Banner-nha-xuong-dep-3.jpg 1280w, https:\/\/khoxuongdep.com.vn\/v2\/wp-content\/uploads\/2020\/11\/Banner-nha-xuong-dep-3-800x281.jpg 800w, https:\/\/khoxuongdep.com.vn\/v2\/wp-content\/uploads\/2020\/11\/Banner-nha-xuong-dep-3-768x270.jpg 768w\" sizes=\"auto, (max-width: 1020px) 100vw, 1020px\" \/>\t\t\t\t\t\t\n\t\t\t\t\t<\/div>\n\t\t\t\t\t\t\t\t\n<style>\n#image_1694116500 {\n  width: 100%;\n}\n<\/style>\n\t<\/div>\n\t\n\n\t<div class=\"img has-hover x md-x lg-x y md-y lg-y\" id=\"image_1056202829\">\n\t\t\t\t\t\t\t\t<div class=\"img-inner dark\" >\n\t\t\t<img loading=\"lazy\" decoding=\"async\" width=\"1020\" height=\"359\" src=\"https:\/\/khoxuongdep.com.vn\/v2\/wp-content\/uploads\/2020\/11\/Nha-xuong-dep-3.jpg\" class=\"attachment-large size-large\" alt=\"Nha-xuong-dep\" srcset=\"https:\/\/khoxuongdep.com.vn\/v2\/wp-content\/uploads\/2020\/11\/Nha-xuong-dep-3.jpg 1280w, https:\/\/khoxuongdep.com.vn\/v2\/wp-content\/uploads\/2020\/11\/Nha-xuong-dep-3-800x281.jpg 800w, https:\/\/khoxuongdep.com.vn\/v2\/wp-content\/uploads\/2020\/11\/Nha-xuong-dep-3-768x270.jpg 768w\" sizes=\"auto, (max-width: 1020px) 100vw, 1020px\" \/>\t\t\t\t\t\t\n\t\t\t\t\t<\/div>\n\t\t\t\t\t\t\t\t\n<style>\n#image_1056202829 {\n  width: 100%;\n}\n<\/style>\n\t<\/div>\n\t\n\n\t<div class=\"img has-hover x md-x lg-x y md-y lg-y\" id=\"image_1216001080\">\n\t\t\t\t\t\t\t\t<div class=\"img-inner dark\" >\n\t\t\t<img loading=\"lazy\" decoding=\"async\" width=\"1020\" height=\"359\" src=\"https:\/\/khoxuongdep.com.vn\/v2\/wp-content\/uploads\/2023\/11\/Banner-nha-xuong-dep-1.jpg\" class=\"attachment-large size-large\" alt=\"\" srcset=\"https:\/\/khoxuongdep.com.vn\/v2\/wp-content\/uploads\/2023\/11\/Banner-nha-xuong-dep-1.jpg 1280w, https:\/\/khoxuongdep.com.vn\/v2\/wp-content\/uploads\/2023\/11\/Banner-nha-xuong-dep-1-800x281.jpg 800w, https:\/\/khoxuongdep.com.vn\/v2\/wp-content\/uploads\/2023\/11\/Banner-nha-xuong-dep-1-768x270.jpg 768w\" sizes=\"auto, (max-width: 1020px) 100vw, 1020px\" \/>\t\t\t\t\t\t\n\t\t\t\t\t<\/div>\n\t\t\t\t\t\t\t\t\n<style>\n#image_1216001080 {\n  width: 100%;\n}\n<\/style>\n\t<\/div>\n\t\n\n\n     <\/div>\n\n     <div class=\"loading-spin dark large centered\"><\/div>\n\n     <\/div>\n\n\n\t<section class=\"section\" id=\"section_1358164908\">\n\t\t<div class=\"bg section-bg fill bg-fill  bg-loaded\" >\n\n\t\t\t\n\t\t\t\n\t\t\t\n\n\t\t<\/div>\n\n\t\t<div class=\"section-content relative\">\n\t\t\t\n<div class=\"row\"  id=\"row-1061216853\">\n\n\t<div id=\"col-1632414632\" class=\"col medium-6 small-12 large-6\"  >\n\t\t<div class=\"col-inner\"  >\n\t\t\t\n\t\t\t\n<h2><span style=\"color: #008000;\"><strong>GI\u1edaI THI\u1ec6U KHO X\u01af\u1edeNG \u0110\u1eb8P<\/strong><\/span><\/h2>\n<h2><span style=\"color: #008000;\">Kho X\u01b0\u1edfng \u0110\u1eb9p hay <span style=\"color: #ff6600;\">Khoxuongdep.com.vn<\/span> l\u00e0 ai?<\/span><\/h2>\n<p>Kho X\u01b0\u1edfng \u0110\u1eb9p ( web: Khoxuongdep.com.vn ) l\u00e0 \u0111\u01a1n v\u1ecb chuy\u00ean d\u1ecbch v\u1ee5 b\u1ea5t \u0111\u1ed9ng s\u1ea3n c\u00f4ng nghi\u1ec7p v\u00e0 khu c\u00f4ng nghi\u1ec7p v\u1edbi m\u1ea1ng l\u01b0\u1edbi kh\u00e1ch h\u00e0ng \u0111\u1ed1i t\u00e1c ph\u00e1t tri\u1ec3n tr\u00ean to\u00e0n qu\u1ed1c ba mi\u1ec1n B\u1eafc &#8211; Trung &#8211; Nam!<\/p>\n<p>&#8211; Khu v\u1ef1c ho\u1ea1t \u0111\u1ed9ng ch\u00ednh: Khoxuongdep.com.vn ho\u1ea1t \u0111\u1ed9ng ch\u00ednh t\u1ea1i khu v\u1ef1c mi\u1ec1n Nam Vi\u1ec7t Nam nh\u01b0 th\u00e0nh ph\u1ed1 H\u1ed3 Ch\u00ed Minh, Long An, B\u00ecnh D\u01b0\u01a1ng, \u0110\u1ed3ng Nai, V\u0169ng T\u00e0u, T\u00e2y Ninh, Mi\u1ec1n T\u00e2y..v.v.. M\u1ea1ng l\u01b0\u1edbi ho\u1ea1t \u0111\u1ed9ng kh\u1eafp to\u00e0n Qu\u1ed1c.<\/p>\n<p><strong>C\u00e1c d\u1ecbch v\u1ee5 v\u1ee5 t\u1ea1i Khoxuongdep.com.vn, bao g\u1ed3m:<\/strong><\/p>\n<p>\u2022 Nh\u1eadn th\u1ef1c hi\u1ec7n \u0111\u01a1n h\u00e0ng \u0111\u1eb7t thu\u00ea mua kho x\u01b0\u1edfng, \u0111\u1ea5t c\u00f4ng nghi\u1ec7p theo y\u00eau c\u1ea7u.<br \/>\n\u2022 T\u01b0 v\u1ea5n b\u00e1o gi\u00e1 thu\u00ea, cho thu\u00ea, mua b\u00e1n kho x\u01b0\u1edfng, \u0111\u1ea5t c\u00f4ng nghi\u1ec7p.<br \/>\n\u2022 T\u01b0 v\u1ea5n v\u00e0 th\u1ef1c hi\u1ec7n c\u00e1c th\u1ee7 t\u1ee5c li\u00ean quan t\u1edbi ph\u00e1p l\u00fd \u0111\u1ea7u t\u01b0 kho x\u01b0\u1edfng, nh\u00e0 m\u00e1y, \u0111\u1ea5t CN<br \/>\n\u2022 Th\u00f4ng tin v\u1ec1 b\u1ea5t \u0111\u1ed9ng s\u1ea3n c\u00f4ng nghi\u1ec7p, khu c\u00f4ng nghi\u1ec7p<br \/>\n\u2022 K\u1ebft n\u1ed1i ho\u1ea1t \u0111\u1ed9ng mua b\u00e1n s\u00e1p nh\u1eadp Doanh Nghi\u1ec7p ( M&amp;A )<br \/>\n\u2022 K\u1ebft n\u1ed1i h\u1ee3p t\u00e1c \u0111\u1ea7u t\u01b0 v\u00e0o d\u1ef1 \u00e1n, qu\u1ef9 \u0111\u1ea5t c\u00f4ng nghi\u1ec7p c\u00f3 s\u1eb5n<br \/>\n\u2022 Nh\u1eadn k\u00fd g\u1eedi nh\u00e0 x\u01b0\u1edfng, m\u00f4i gi\u1edbi mua b\u00e1n cho thu\u00ea kho x\u01b0\u1edfng, \u0111\u1ea5t c\u00f4ng nghi\u1ec7p.<\/p>\n<p><i class=\"fa fa-map-marker\"><\/i> 38 \u0111\u01b0\u1eddng 1B, Ph\u01b0\u1eddng B\u00ecnh Tr\u1ecb \u0110\u00f4ng B , Qu\u1eadn B\u00ecnh T\u00e2n Tp.H\u1ed3 Ch\u00ed Minh<\/p>\n<p><i class=\"fas fa-phone-alt\"><\/i>\u2002<a href=\"tel:0909161824\"><strong>0909.161.824 <\/strong><\/a><strong>ho\u1eb7c <a href=\"tel:0901626248\">0901.626.248<\/a><\/strong><\/p>\n<p><i class=\"fa fa-envelope\"><\/i>\u2002<a href=\"mailto:bdsvanxuan@gmail.com\">khoxuongdep.com.vn@gmail.com<\/a><\/p>\n<p><i class=\"fa fa-globe\"><\/i>\u2002<a href=\"https:\/\/khoxuongdep.com.vn\">www.khoxuongdep.com.vn<\/a><\/p>\n<div class=\"social-icons follow-icons\" ><a href=\"https:\/\/www.facebook.com\/KhoXuongdep\/\" target=\"_blank\" data-label=\"Facebook\" rel=\"noopener noreferrer nofollow\" class=\"icon button circle is-outline facebook tooltip\" title=\"Follow on Facebook\"><i class=\"icon-facebook\" ><\/i><\/a><a href=\"https:\/\/www.facebook.com\/KhoXuongdep\/\" target=\"_blank\" rel=\"noopener noreferrer nofollow\" data-label=\"Instagram\" class=\"icon button circle is-outline  instagram tooltip\" title=\"Follow on Instagram\"><i class=\"icon-instagram\" ><\/i><\/a><a href=\"https:\/\/www.facebook.com\/KhoXuongdep\/\" target=\"_blank\" rel=\"noopener noreferrer nofollow\" data-label=\"TikTok\" class=\"icon button circle is-outline tiktok tooltip\" title=\"Follow on TikTok\"><i class=\"icon-tiktok\" ><\/i><\/a><a href=\"mailto:khoxuongdep.com.vn@gmail.com\" data-label=\"E-mail\"  rel=\"nofollow\" class=\"icon button circle is-outline  email tooltip\" title=\"Send us an email\"><i class=\"icon-envelop\" ><\/i><\/a><a href=\"tel:0909161824\" target=\"_blank\"  data-label=\"Phone\"  rel=\"noopener noreferrer nofollow\" class=\"icon button circle is-outline  phone tooltip\" title=\"Call us\"><i class=\"icon-phone\" ><\/i><\/a><a href=\"https:\/\/www.youtube.com\/channel\/UCpBsoS1Vays8preQcVnmk_g\" target=\"_blank\" rel=\"noopener noreferrer nofollow\" data-label=\"YouTube\" class=\"icon button circle is-outline  youtube tooltip\" title=\"Follow on YouTube\"><i class=\"icon-youtube\" ><\/i><\/a><\/div>\n\t\t<\/div>\n\t\t\t<\/div>\n\n\t\n\n\t<div id=\"col-7212343\" class=\"col medium-6 small-12 large-6\"  >\n\t\t<div class=\"col-inner\"  >\n\t\t\t\n\t\t\t\n\t<div class=\"img has-hover x md-x lg-x y md-y lg-y\" id=\"image_469086864\">\n\t\t\t\t\t\t\t\t<div class=\"img-inner dark\" >\n\t\t\t<img loading=\"lazy\" decoding=\"async\" width=\"300\" height=\"156\" src=\"https:\/\/khoxuongdep.com.vn\/v2\/wp-content\/uploads\/2020\/11\/Logo-Khoxuongdep-Top.png\" class=\"attachment-large size-large\" alt=\"Logo-Khoxuongdep-Top\" \/>\t\t\t\t\t\t\n\t\t\t\t\t<\/div>\n\t\t\t\t\t\t\t\t\n<style>\n#image_469086864 {\n  width: 100%;\n}\n<\/style>\n\t<\/div>\n\t\n\t\t<\/div>\n\t\t\t<\/div>\n\n\t\n<\/div>\n\t\t<\/div>\n\n\t\t\n<style>\n#section_1358164908 {\n  padding-top: 30px;\n  padding-bottom: 30px;\n}\n<\/style>\n\t<\/section>\n\t\n\t<section class=\"section\" id=\"section_750476405\">\n\t\t<div class=\"bg section-bg fill bg-fill  bg-loaded\" >\n\n\t\t\t\n\t\t\t\n\t\t\t\n\n\t\t<\/div>\n\n\t\t<div class=\"section-content relative\">\n\t\t\t\n\t<section class=\"section\" id=\"section_1720328517\">\n\t\t<div class=\"bg section-bg fill bg-fill  bg-loaded\" >\n\n\t\t\t\n\t\t\t\n\t\t\t\n\n\t\t<\/div>\n\n\t\t<div class=\"section-content relative\">\n\t\t\t\n\n<div class=\"row\" style=\"max-width:1250px\" id=\"row-56035266\">\n\n\n\t<div id=\"col-775159754\" class=\"col medium-4 small-12 large-4\"  >\n\t\t<div class=\"col-inner text-center\"  >\n\t\t\t\n\t\t\t\n\n\t<div class=\"img has-hover x md-x lg-x y md-y lg-y\" id=\"image_605647610\">\n\t\t\t\t\t\t\t\t<div class=\"img-inner dark\" >\n\t\t\t<img loading=\"lazy\" decoding=\"async\" width=\"251\" height=\"251\" src=\"https:\/\/khoxuongdep.com.vn\/v2\/wp-content\/uploads\/2020\/11\/Gioi-thieu-1.png\" class=\"attachment-large size-large\" alt=\"Gioi-thieu-1\" \/>\t\t\t\t\t\t\n\t\t\t\t\t<\/div>\n\t\t\t\t\t\t\t\t\n<style>\n#image_605647610 {\n  width: 60%;\n}\n<\/style>\n\t<\/div>\n\t\n\n<h3 style=\"text-align: center;\">T\u1ea6M NH\u00ccN<\/h3>\n<p>Tr\u1edf th\u00e0nh m\u1ed9t Trung T\u00e2m Giao D\u1ecbch B\u1ea5t \u0110\u1ed9ng S\u1ea3n C\u00f4ng Nghi\u1ec7p h\u00e0ng \u0111\u1ea7u t\u1ea1i Vi\u1ec7t Nam<\/p>\n\n\t\t<\/div>\n\t\t\t<\/div>\n\n\t\n\n\t<div id=\"col-1357512549\" class=\"col medium-4 small-12 large-4\"  >\n\t\t<div class=\"col-inner text-center\"  >\n\t\t\t\n\t\t\t\n\n\t<div class=\"img has-hover x md-x lg-x y md-y lg-y\" id=\"image_69051114\">\n\t\t\t\t\t\t\t\t<div class=\"img-inner dark\" >\n\t\t\t<img loading=\"lazy\" decoding=\"async\" width=\"234\" height=\"238\" src=\"https:\/\/khoxuongdep.com.vn\/v2\/wp-content\/uploads\/2023\/06\/kxd.jpg\" class=\"attachment-large size-large\" alt=\"\" \/>\t\t\t\t\t\t\n\t\t\t\t\t<\/div>\n\t\t\t\t\t\t\t\t\n<style>\n#image_69051114 {\n  width: 59%;\n}\n<\/style>\n\t<\/div>\n\t\n\n<h3 style=\"text-align: center;\">S\u1ee8 M\u1ec6NH<\/h3>\n<p>Mang \u0111\u1ebfn gi\u00e1 tr\u1ecb cao nh\u1ea5t khi Kh\u00e1ch H\u00e0ng, \u0110\u1ed1i T\u00e1c tin ch\u1ecdn Khoxuongdep.com.vn<\/p>\n\n\t\t<\/div>\n\t\t\t<\/div>\n\n\t\n\n\t<div id=\"col-425886371\" class=\"col medium-4 small-12 large-4\"  >\n\t\t<div class=\"col-inner text-center\"  >\n\t\t\t\n\t\t\t\n\n\t<div class=\"img has-hover x md-x lg-x y md-y lg-y\" id=\"image_909891318\">\n\t\t\t\t\t\t\t\t<div class=\"img-inner dark\" >\n\t\t\t<img loading=\"lazy\" decoding=\"async\" width=\"220\" height=\"240\" src=\"https:\/\/khoxuongdep.com.vn\/v2\/wp-content\/uploads\/2023\/06\/logo-gia-tri-cot-loi-1.jpg\" class=\"attachment-large size-large\" alt=\"\" \/>\t\t\t\t\t\t\n\t\t\t\t\t<\/div>\n\t\t\t\t\t\t\t\t\n<style>\n#image_909891318 {\n  width: 55%;\n}\n<\/style>\n\t<\/div>\n\t\n\n<h3 style=\"text-align: center;\">GI\u00c1 TR\u1eca C\u1ed0T L\u00d5I<\/h3>\n<p style=\"text-align: center;\">V\u1edbi 8 ch\u1eef v\u00e0ng: Uy T\u00edn - Ch\u00ednh Tr\u1ef1c - T\u1eadn T\u00e2m - Chuy\u00ean Nghi\u1ec7p. Tin t\u01b0\u1edfng m\u1ea1ng l\u1ea1i cho qu\u00fd Kh\u00e1ch H\u00e0ng v\u00e0 \u0110\u1ed1i T\u00e1c s\u1ef1 tin y\u00eau v\u00e0 hi\u1ec7u qu\u1ea3 !<\/p>\n\n\t\t<\/div>\n\t\t\t<\/div>\n\n\t\n\n<\/div>\n\n\t\t<\/div>\n\n\t\t\n<style>\n#section_1720328517 {\n  padding-top: 30px;\n  padding-bottom: 30px;\n}\n<\/style>\n\t<\/section>\n\t\n\t\t<\/div>\n\n\t\t\n<style>\n#section_750476405 {\n  padding-top: 0px;\n  padding-bottom: 0px;\n}\n<\/style>\n\t<\/section>\n\t\n\t<section class=\"section\" id=\"section_2021891108\">\n\t\t<div class=\"bg section-bg fill bg-fill  bg-loaded\" >\n\n\t\t\t\n\t\t\t\n\t\t\t\n\n\t\t<\/div>\n\n\t\t<div class=\"section-content relative\">\n\t\t\t\n<div class=\"row\"  id=\"row-169390715\">\n\n\t<div id=\"col-885099471\" class=\"col small-12 large-12\"  >\n\t\t<div class=\"col-inner\"  >\n\t\t\t\n\t\t\t\n<div class=\"container section-title-container\" ><h3 class=\"section-title section-title-center\"><b><\/b><span class=\"section-title-main\" style=\"color:rgb(228, 17, 17);\">\u0110\u1ed0I T\u00c1C C\u1ee6A CH\u00daNG T\u1ed0I<\/span><b><\/b><\/h3><\/div>\n\n  \n    <div class=\"row large-columns-5 medium-columns-3 small-columns-2 row-full-width slider row-slider slider-nav-reveal\"  data-flickity-options='{\"imagesLoaded\": true, \"groupCells\": \"100%\", \"dragThreshold\" : 5, \"cellAlign\": \"left\",\"wrapAround\": true,\"prevNextButtons\": true,\"percentPosition\": true,\"pageDots\": false, \"rightToLeft\": false, \"autoPlay\" : 3000}'>\n\n          <div class=\"gallery-col col\" >\n          <div class=\"col-inner\">\n            <a class=\"image-lightbox lightbox-gallery\" href=\"https:\/\/khoxuongdep.com.vn\/v2\/wp-content\/uploads\/2020\/10\/FLC-group.jpg\" title=\"\">            <div class=\"box has-hover gallery-box box-none\">\n              <div class=\"box-image\" >\n                <img loading=\"lazy\" decoding=\"async\" width=\"165\" height=\"110\" src=\"https:\/\/khoxuongdep.com.vn\/v2\/wp-content\/uploads\/2020\/10\/FLC-group.jpg\" class=\"attachment-medium size-medium\" alt=\"FLC-group\" ids=\"2065,2066,2067,2068,2069,2074,2076\" style=\"none\" type=\"slider\" width=\"full-width\" columns=\"5\" auto_slide=\"3000\" \/>                                                              <\/div>\n              <div class=\"box-text text-left\" >\n                 <p><\/p>\n              <\/div>\n            <\/div>\n            <\/a>          <\/div>\n         <\/div>\n                 <div class=\"gallery-col col\" >\n          <div class=\"col-inner\">\n            <a class=\"image-lightbox lightbox-gallery\" href=\"https:\/\/khoxuongdep.com.vn\/v2\/wp-content\/uploads\/2020\/10\/Hung-thinh-land.jpg\" title=\"\">            <div class=\"box has-hover gallery-box box-none\">\n              <div class=\"box-image\" >\n                <img loading=\"lazy\" decoding=\"async\" width=\"165\" height=\"110\" src=\"https:\/\/khoxuongdep.com.vn\/v2\/wp-content\/uploads\/2020\/10\/Hung-thinh-land.jpg\" class=\"attachment-medium size-medium\" alt=\"Hung-thinh-land\" ids=\"2065,2066,2067,2068,2069,2074,2076\" style=\"none\" type=\"slider\" width=\"full-width\" columns=\"5\" auto_slide=\"3000\" \/>                                                              <\/div>\n              <div class=\"box-text text-left\" >\n                 <p><\/p>\n              <\/div>\n            <\/div>\n            <\/a>          <\/div>\n         <\/div>\n                 <div class=\"gallery-col col\" >\n          <div class=\"col-inner\">\n            <a class=\"image-lightbox lightbox-gallery\" href=\"https:\/\/khoxuongdep.com.vn\/v2\/wp-content\/uploads\/2020\/10\/nam-long-land.jpg\" title=\"\">            <div class=\"box has-hover gallery-box box-none\">\n              <div class=\"box-image\" >\n                <img loading=\"lazy\" decoding=\"async\" width=\"165\" height=\"110\" src=\"https:\/\/khoxuongdep.com.vn\/v2\/wp-content\/uploads\/2020\/10\/nam-long-land.jpg\" class=\"attachment-medium size-medium\" alt=\"nam-long-land\" ids=\"2065,2066,2067,2068,2069,2074,2076\" style=\"none\" type=\"slider\" width=\"full-width\" columns=\"5\" auto_slide=\"3000\" \/>                                                              <\/div>\n              <div class=\"box-text text-left\" >\n                 <p><\/p>\n              <\/div>\n            <\/div>\n            <\/a>          <\/div>\n         <\/div>\n                 <div class=\"gallery-col col\" >\n          <div class=\"col-inner\">\n            <a class=\"image-lightbox lightbox-gallery\" href=\"https:\/\/khoxuongdep.com.vn\/v2\/wp-content\/uploads\/2020\/10\/novaland.jpg\" title=\"\">            <div class=\"box has-hover gallery-box box-none\">\n              <div class=\"box-image\" >\n                <img loading=\"lazy\" decoding=\"async\" width=\"165\" height=\"110\" src=\"https:\/\/khoxuongdep.com.vn\/v2\/wp-content\/uploads\/2020\/10\/novaland.jpg\" class=\"attachment-medium size-medium\" alt=\"novaland\" ids=\"2065,2066,2067,2068,2069,2074,2076\" style=\"none\" type=\"slider\" width=\"full-width\" columns=\"5\" auto_slide=\"3000\" \/>                                                              <\/div>\n              <div class=\"box-text text-left\" >\n                 <p><\/p>\n              <\/div>\n            <\/div>\n            <\/a>          <\/div>\n         <\/div>\n                 <div class=\"gallery-col col\" >\n          <div class=\"col-inner\">\n            <a class=\"image-lightbox lightbox-gallery\" href=\"https:\/\/khoxuongdep.com.vn\/v2\/wp-content\/uploads\/2020\/10\/vinhome.jpg\" title=\"\">            <div class=\"box has-hover gallery-box box-none\">\n              <div class=\"box-image\" >\n                <img loading=\"lazy\" decoding=\"async\" width=\"165\" height=\"110\" src=\"https:\/\/khoxuongdep.com.vn\/v2\/wp-content\/uploads\/2020\/10\/vinhome.jpg\" class=\"attachment-medium size-medium\" alt=\"vinhome\" ids=\"2065,2066,2067,2068,2069,2074,2076\" style=\"none\" type=\"slider\" width=\"full-width\" columns=\"5\" auto_slide=\"3000\" \/>                                                              <\/div>\n              <div class=\"box-text text-left\" >\n                 <p><\/p>\n              <\/div>\n            <\/div>\n            <\/a>          <\/div>\n         <\/div>\n                 <div class=\"gallery-col col\" >\n          <div class=\"col-inner\">\n            <a class=\"image-lightbox lightbox-gallery\" href=\"https:\/\/khoxuongdep.com.vn\/v2\/wp-content\/uploads\/2020\/10\/dat-xanh.jpg\" title=\"\">            <div class=\"box has-hover gallery-box box-none\">\n              <div class=\"box-image\" >\n                <img loading=\"lazy\" decoding=\"async\" width=\"165\" height=\"110\" src=\"https:\/\/khoxuongdep.com.vn\/v2\/wp-content\/uploads\/2020\/10\/dat-xanh.jpg\" class=\"attachment-medium size-medium\" alt=\"dat-xanh\" ids=\"2065,2066,2067,2068,2069,2074,2076\" style=\"none\" type=\"slider\" width=\"full-width\" columns=\"5\" auto_slide=\"3000\" \/>                                                              <\/div>\n              <div class=\"box-text text-left\" >\n                 <p><\/p>\n              <\/div>\n            <\/div>\n            <\/a>          <\/div>\n         <\/div>\n                 <div class=\"gallery-col col\" >\n          <div class=\"col-inner\">\n            <a class=\"image-lightbox lightbox-gallery\" href=\"https:\/\/khoxuongdep.com.vn\/v2\/wp-content\/uploads\/2020\/10\/kim-oanh.jpg\" title=\"\">            <div class=\"box has-hover gallery-box box-none\">\n              <div class=\"box-image\" >\n                <img loading=\"lazy\" decoding=\"async\" width=\"165\" height=\"110\" src=\"https:\/\/khoxuongdep.com.vn\/v2\/wp-content\/uploads\/2020\/10\/kim-oanh.jpg\" class=\"attachment-medium size-medium\" alt=\"kim-oanh\" ids=\"2065,2066,2067,2068,2069,2074,2076\" style=\"none\" type=\"slider\" width=\"full-width\" columns=\"5\" auto_slide=\"3000\" \/>                                                              <\/div>\n              <div class=\"box-text text-left\" >\n                 <p><\/p>\n              <\/div>\n            <\/div>\n            <\/a>          <\/div>\n         <\/div>\n         <\/div>\n\t\t<\/div>\n\t\t\t<\/div>\n\n\t\n<\/div>\n\t\t<\/div>\n\n\t\t\n<style>\n#section_2021891108 {\n  padding-top: 0px;\n  padding-bottom: 0px;\n}\n<\/style>\n\t<\/section>\n\t\n<figure id=\"attachment_9342\" aria-describedby=\"caption-attachment-9342\" style=\"width: 711px\" class=\"wp-caption aligncenter\"><img loading=\"lazy\" decoding=\"async\" class=\"wp-image-9342 size-medium\" src=\"https:\/\/khoxuongdep.com.vn\/wp-content\/uploads\/2023\/10\/cong-ty-kho-xuong-can-tuyen-dung-711x400.jpg\" alt=\"\" width=\"711\" height=\"400\" srcset=\"https:\/\/khoxuongdep.com.vn\/v2\/wp-content\/uploads\/2023\/10\/cong-ty-kho-xuong-can-tuyen-dung-711x400.jpg 711w, https:\/\/khoxuongdep.com.vn\/v2\/wp-content\/uploads\/2023\/10\/cong-ty-kho-xuong-can-tuyen-dung-768x432.jpg 768w, https:\/\/khoxuongdep.com.vn\/v2\/wp-content\/uploads\/2023\/10\/cong-ty-kho-xuong-can-tuyen-dung.jpg 1280w\" sizes=\"auto, (max-width: 711px) 100vw, 711px\" \/><figcaption id=\"caption-attachment-9342\" class=\"wp-caption-text\">C\u00f9ng nhau, c\u00f9ng <span style=\"color: #ff6600;\">Kho X\u01b0\u1edfng \u0110\u1eb9p<\/span>, ch\u00fang ta <span style=\"color: #ff6600;\">kh\u00f4ng g\u00ec kh\u00f4ng th\u1ec3<\/span> !<\/figcaption><\/figure>\n<p>&nbsp;<\/p>\n<p style=\"text-align: center;\"><strong><em>Khoxuongdep.com.vn &#8211; Hotline\/Zalo: 0901626248 ho\u1eb7c 0909161824. Tr\u00e2n tr\u1ecdng v\u00e0 h\u1ee3p t\u00e1c !<\/em><\/strong><\/p>\n","protected":false},"excerpt":{"rendered":"<p>&nbsp; Khoxuongdep.com.vn &#8211; Hotline\/Zalo: 0901626248 ho\u1eb7c 0909161824. Tr\u00e2n tr\u1ecdng v\u00e0 h\u1ee3p t\u00e1c !<\/p>\n","protected":false},"author":1,"featured_media":0,"parent":0,"menu_order":2,"comment_status":"closed","ping_status":"closed","template":"page-blank.php","meta":{"footnotes":""},"class_list":["post-11","page","type-page","status-publish","hentry"],"_links":{"self":[{"href":"https:\/\/khoxuongdep.com.vn\/v2\/wp-json\/wp\/v2\/pages\/11","targetHints":{"allow":["GET"]}}],"collection":[{"href":"https:\/\/khoxuongdep.com.vn\/v2\/wp-json\/wp\/v2\/pages"}],"about":[{"href":"https:\/\/khoxuongdep.com.vn\/v2\/wp-json\/wp\/v2\/types\/page"}],"author":[{"embeddable":true,"href":"https:\/\/khoxuongdep.com.vn\/v2\/wp-json\/wp\/v2\/users\/1"}],"replies":[{"embeddable":true,"href":"https:\/\/khoxuongdep.com.vn\/v2\/wp-json\/wp\/v2\/comments?post=11"}],"version-history":[{"count":71,"href":"https:\/\/khoxuongdep.com.vn\/v2\/wp-json\/wp\/v2\/pages\/11\/revisions"}],"predecessor-version":[{"id":27376,"href":"https:\/\/khoxuongdep.com.vn\/v2\/wp-json\/wp\/v2\/pages\/11\/revisions\/27376"}],"wp:attachment":[{"href":"https:\/\/khoxuongdep.com.vn\/v2\/wp-json\/wp\/v2\/media?parent=11"}],"curies":[{"name":"wp","href":"https:\/\/api.w.org\/{rel}","templated":true}]}}